{"id":24,"date":"2024-10-20T15:35:49","date_gmt":"2024-10-20T15:35:49","guid":{"rendered":"http:\/\/vollruebenzucker.com\/wp\/?page_id=24"},"modified":"2024-10-20T16:16:24","modified_gmt":"2024-10-20T16:16:24","slug":"impressum","status":"publish","type":"page","link":"https:\/\/vollruebenzucker.com\/wp\/impressum\/","title":{"rendered":"IMPRESSUM"},"content":{"rendered":"\n<h1 class=\"wp-block-heading\"><\/h1>\n\n\n\n<p><strong>Website<\/strong><\/p>\n\n\n\n<p>Dieses Impressum gilt f\u00fcr alle Angebote unter der Domain vollruebenzucker inklusive aller Subdomains (Unterseiten).<\/p>\n\n\n\n<p><strong>Angaben gem\u00e4\u00df \u00a7 5 DDG<\/strong><\/p>\n\n\n\n<p>Claudia de Jong<br>Amalienstra\u00dfe 1<br>84032 Landshut<br>Telefon: +49 871 95347341<br>E-Mail: kontakt@vollruebenzucker.com<br>\u00a0<\/p>\n\n\n\n<p><strong>Zust\u00e4ndige Aufsichtsbeh\u00f6rde<\/strong><\/p>\n\n\n\n<p>&nbsp;<br><br>____________________________<br>____________________________ ____________________________<br>Telefon: ____________________________<br>Fax: ____________________________<br>E-Mail: ____________________________<\/p>\n\n\n\n<p><strong>Datenschutzbeauftragter<\/strong><\/p>\n\n\n\n<p>Sie erreichen unseren Datenschutzbeauftragten zu allen Fragen des Datenschutzes auf unserer Website unter<\/p>\n\n\n\n<p>Claudia de Jong<br>E-Mail: kontakt@vollruebenzucker.com<br>Telefon: +49 871 95347341<\/p>\n\n\n\n<p><strong>G\u00fcltigkeit<\/strong><\/p>\n\n\n\n<p>Dieses Impressum gilt ab dem 20. Oktober 2024.<\/p>\n\n\n\n<p>\u00a92002-2024 RECHTSDOKUMENTE (Sequiter Inc.)<\/p>\n","protected":false},"excerpt":{"rendered":"<p>Website Dieses Impressum gilt f\u00fcr alle Angebote unter der Domain vollruebenzucker inklusive aller Subdomains (Unterseiten). Angaben gem\u00e4\u00df \u00a7 5 DDG Claudia de JongAmalienstra\u00dfe 184032 LandshutTelefon: +49 871 95347341E-Mail: kontakt@vollruebenzucker.com\u00a0 Zust\u00e4ndige Aufsichtsbeh\u00f6rde &nbsp; ________________________________________________________ ____________________________Telefon: ____________________________Fax: ____________________________E-Mail: ____________________________ Datenschutzbeauftragter Sie erreichen unseren Datenschutzbeauftragten zu allen Fragen des Datenschutzes auf unserer Website unter Claudia de JongE-Mail: kontakt@vollruebenzucker.comTelefon: [&hellip;]<\/p>\n","protected":false},"author":1,"featured_media":0,"parent":0,"menu_order":0,"comment_status":"closed","ping_status":"closed","template":"","meta":{"footnotes":""},"class_list":["post-24","page","type-page","status-publish","hentry"],"yoast_head":"<!-- This site is optimized with the Yoast SEO plugin v26.9 - https:\/\/yoast.com\/product\/yoast-seo-wordpress\/ -->\n<title>IMPRESSUM - Vollruebenzucker<\/title>\n<meta name=\"robots\" content=\"index, follow, max-snippet:-1, max-image-preview:large, max-video-preview:-1\" \/>\n<link rel=\"canonical\" href=\"https:\/\/vollruebenzucker.com\/wp\/impressum\/\" \/>\n<meta property=\"og:locale\" content=\"de_DE\" \/>\n<meta property=\"og:type\" content=\"article\" \/>\n<meta property=\"og:title\" content=\"IMPRESSUM - Vollruebenzucker\" \/>\n<meta property=\"og:description\" content=\"Website Dieses Impressum gilt f\u00fcr alle Angebote unter der Domain vollruebenzucker inklusive aller Subdomains (Unterseiten). Angaben gem\u00e4\u00df \u00a7 5 DDG Claudia de JongAmalienstra\u00dfe 184032 LandshutTelefon: +49 871 95347341E-Mail: kontakt@vollruebenzucker.com\u00a0 Zust\u00e4ndige Aufsichtsbeh\u00f6rde &nbsp; ________________________________________________________ ____________________________Telefon: ____________________________Fax: ____________________________E-Mail: ____________________________ Datenschutzbeauftragter Sie erreichen unseren Datenschutzbeauftragten zu allen Fragen des Datenschutzes auf unserer Website unter Claudia de JongE-Mail: kontakt@vollruebenzucker.comTelefon: [&hellip;]\" \/>\n<meta property=\"og:url\" content=\"https:\/\/vollruebenzucker.com\/wp\/impressum\/\" \/>\n<meta property=\"og:site_name\" content=\"Vollruebenzucker\" \/>\n<meta property=\"article:modified_time\" content=\"2024-10-20T16:16:24+00:00\" \/>\n<meta name=\"twitter:card\" content=\"summary_large_image\" \/>\n<script type=\"application\/ld+json\" class=\"yoast-schema-graph\">{\"@context\":\"https:\/\/schema.org\",\"@graph\":[{\"@type\":\"WebPage\",\"@id\":\"https:\/\/vollruebenzucker.com\/wp\/impressum\/\",\"url\":\"https:\/\/vollruebenzucker.com\/wp\/impressum\/\",\"name\":\"IMPRESSUM - Vollruebenzucker\",\"isPartOf\":{\"@id\":\"https:\/\/vollruebenzucker.com\/wp\/#website\"},\"datePublished\":\"2024-10-20T15:35:49+00:00\",\"dateModified\":\"2024-10-20T16:16:24+00:00\",\"breadcrumb\":{\"@id\":\"https:\/\/vollruebenzucker.com\/wp\/impressum\/#breadcrumb\"},\"inLanguage\":\"de\",\"potentialAction\":[{\"@type\":\"ReadAction\",\"target\":[\"https:\/\/vollruebenzucker.com\/wp\/impressum\/\"]}]},{\"@type\":\"BreadcrumbList\",\"@id\":\"https:\/\/vollruebenzucker.com\/wp\/impressum\/#breadcrumb\",\"itemListElement\":[{\"@type\":\"ListItem\",\"position\":1,\"name\":\"Startseite\",\"item\":\"https:\/\/vollruebenzucker.com\/wp\/\"},{\"@type\":\"ListItem\",\"position\":2,\"name\":\"IMPRESSUM\"}]},{\"@type\":\"WebSite\",\"@id\":\"https:\/\/vollruebenzucker.com\/wp\/#website\",\"url\":\"https:\/\/vollruebenzucker.com\/wp\/\",\"name\":\"Vollruebenzucker\",\"description\":\"Eine andere WordPress-Site.\",\"potentialAction\":[{\"@type\":\"SearchAction\",\"target\":{\"@type\":\"EntryPoint\",\"urlTemplate\":\"https:\/\/vollruebenzucker.com\/wp\/?s={search_term_string}\"},\"query-input\":{\"@type\":\"PropertyValueSpecification\",\"valueRequired\":true,\"valueName\":\"search_term_string\"}}],\"inLanguage\":\"de\"}]}<\/script>\n<!-- \/ Yoast SEO plugin. -->","yoast_head_json":{"title":"IMPRESSUM - Vollruebenzucker","robots":{"index":"index","follow":"follow","max-snippet":"max-snippet:-1","max-image-preview":"max-image-preview:large","max-video-preview":"max-video-preview:-1"},"canonical":"https:\/\/vollruebenzucker.com\/wp\/impressum\/","og_locale":"de_DE","og_type":"article","og_title":"IMPRESSUM - Vollruebenzucker","og_description":"Website Dieses Impressum gilt f\u00fcr alle Angebote unter der Domain vollruebenzucker inklusive aller Subdomains (Unterseiten). Angaben gem\u00e4\u00df \u00a7 5 DDG Claudia de JongAmalienstra\u00dfe 184032 LandshutTelefon: +49 871 95347341E-Mail: kontakt@vollruebenzucker.com\u00a0 Zust\u00e4ndige Aufsichtsbeh\u00f6rde &nbsp; ________________________________________________________ ____________________________Telefon: ____________________________Fax: ____________________________E-Mail: ____________________________ Datenschutzbeauftragter Sie erreichen unseren Datenschutzbeauftragten zu allen Fragen des Datenschutzes auf unserer Website unter Claudia de JongE-Mail: kontakt@vollruebenzucker.comTelefon: [&hellip;]","og_url":"https:\/\/vollruebenzucker.com\/wp\/impressum\/","og_site_name":"Vollruebenzucker","article_modified_time":"2024-10-20T16:16:24+00:00","twitter_card":"summary_large_image","schema":{"@context":"https:\/\/schema.org","@graph":[{"@type":"WebPage","@id":"https:\/\/vollruebenzucker.com\/wp\/impressum\/","url":"https:\/\/vollruebenzucker.com\/wp\/impressum\/","name":"IMPRESSUM - Vollruebenzucker","isPartOf":{"@id":"https:\/\/vollruebenzucker.com\/wp\/#website"},"datePublished":"2024-10-20T15:35:49+00:00","dateModified":"2024-10-20T16:16:24+00:00","breadcrumb":{"@id":"https:\/\/vollruebenzucker.com\/wp\/impressum\/#breadcrumb"},"inLanguage":"de","potentialAction":[{"@type":"ReadAction","target":["https:\/\/vollruebenzucker.com\/wp\/impressum\/"]}]},{"@type":"BreadcrumbList","@id":"https:\/\/vollruebenzucker.com\/wp\/impressum\/#breadcrumb","itemListElement":[{"@type":"ListItem","position":1,"name":"Startseite","item":"https:\/\/vollruebenzucker.com\/wp\/"},{"@type":"ListItem","position":2,"name":"IMPRESSUM"}]},{"@type":"WebSite","@id":"https:\/\/vollruebenzucker.com\/wp\/#website","url":"https:\/\/vollruebenzucker.com\/wp\/","name":"Vollruebenzucker","description":"Eine andere WordPress-Site.","potentialAction":[{"@type":"SearchAction","target":{"@type":"EntryPoint","urlTemplate":"https:\/\/vollruebenzucker.com\/wp\/?s={search_term_string}"},"query-input":{"@type":"PropertyValueSpecification","valueRequired":true,"valueName":"search_term_string"}}],"inLanguage":"de"}]}},"_links":{"self":[{"href":"https:\/\/vollruebenzucker.com\/wp\/wp-json\/wp\/v2\/pages\/24","targetHints":{"allow":["GET"]}}],"collection":[{"href":"https:\/\/vollruebenzucker.com\/wp\/wp-json\/wp\/v2\/pages"}],"about":[{"href":"https:\/\/vollruebenzucker.com\/wp\/wp-json\/wp\/v2\/types\/page"}],"author":[{"embeddable":true,"href":"https:\/\/vollruebenzucker.com\/wp\/wp-json\/wp\/v2\/users\/1"}],"replies":[{"embeddable":true,"href":"https:\/\/vollruebenzucker.com\/wp\/wp-json\/wp\/v2\/comments?post=24"}],"version-history":[{"count":2,"href":"https:\/\/vollruebenzucker.com\/wp\/wp-json\/wp\/v2\/pages\/24\/revisions"}],"predecessor-version":[{"id":35,"href":"https:\/\/vollruebenzucker.com\/wp\/wp-json\/wp\/v2\/pages\/24\/revisions\/35"}],"wp:attachment":[{"href":"https:\/\/vollruebenzucker.com\/wp\/wp-json\/wp\/v2\/media?parent=24"}],"curies":[{"name":"wp","href":"https:\/\/api.w.org\/{rel}","templated":true}]}}